{"id":2260,"date":"2022-07-24T11:29:04","date_gmt":"2022-07-24T11:29:04","guid":{"rendered":"https:\/\/c-views.eu\/?page_id=2260"},"modified":"2022-08-15T17:41:08","modified_gmt":"2022-08-15T17:41:08","slug":"buchungsbedingungen","status":"publish","type":"page","link":"https:\/\/c-views.eu\/?page_id=2260","title":{"rendered":"AGB \/ Buchungsbedingungen"},"content":{"rendered":"\n<p><strong>Unterkunftsregeln \/ Preise<\/strong><\/p>\n\n\n\n<p>Das Apartment C-VIEWS ist liebevoll eingerichtet und soll den G\u00e4sten eine Wohlf\u00fchlatmosph\u00e4re bieten. Damit dies auch m\u00f6glichst lange so bleibt, setzen wir einen respektvollen Umgang mit unserem Eigentum voraus. Au\u00dferdem gibt es einige Regeln:<\/p>\n\n\n\n<ul class=\"wp-block-list\"><li>Das gesamte Apartment ist ein Nichtraucher-Apartment<\/li><li>Die angegebene Personenkapazit\u00e4t (4) muss eingehalten werden<\/li><li>Veranstaltungen \/ Partys sind nicht erlaubt<\/li><li>Haustiere sind nicht erlaubt<\/li><\/ul>\n\n\n\n<p>Die jeweiligen \u00dcbernachtungspreise sind den Buchungskalendern zu entnehmen. Die Endreinigungsgeb\u00fchr ist f\u00fcr jeden Aufenthalt zu zahlen. Die Preise verstehen sich in Euro und inklusive der gesetzlichen Mehrwertsteuer. Inkludiert im Preis sind Wifi Zugang, das f\u00fcr den Aufenthalt zur Verf\u00fcgung gestellte W\u00e4schepaket (Bettw\u00e4sche &amp; Handt\u00fccher), ein Parkplatz sowie die Nutzung des gemeinschaftlichen Poolbereichs.<\/p>\n\n\n\n<p><strong>Anreise<\/strong><\/p>\n\n\n\n<p><strong>Check-in:<\/strong> ab 16:00 Uhr bis 20:00 Uhr, sp\u00e4tere Anreise nach Absprache. Die Schl\u00fcssel\u00fcbergabe wird rechtzeitig abgestimmt. M\u00e4ngel an der Wohnung sind bitte direkt am Anreisetag oder einen Tag sp\u00e4ter anzuzeigen.<\/p>\n\n\n\n<p><strong>Check Out:<\/strong> bis 10:00 Uhr. Beim Abreisen ist darauf zu achten, dass die Wohnung besenrein zur\u00fcckgelassen wird und benutztes Geschirr in der Sp\u00fclmaschine vor dem Verlassen oder mit dem Verlassen gereinigt wird. Der M\u00fcll ist in den daf\u00fcr vorgesehenen Stellen zu entsorgen.<\/p>\n\n\n\n<p><strong>Mietvertrag<\/strong><\/p>\n\n\n\n<p>Mit der Buchung oder dem Buchungswunsch erteilt der Gast dem Vermieter verbindlich den Auftrag zum Abschluss des Mietvertrags (Antrag). Der Mietvertrag wird f\u00fcr beide Seiten verbindlich, nachdem der Vermieter dem Gast die Buchung mit Preis, Anreise- und Abreisedatum schriftlich (auch per Fax oder E-Mail) best\u00e4tigt hat (Annahme).<\/p>\n\n\n\n<p>Die Buchungsbest\u00e4tigung ist genau zu kontrollieren. Sollten darin Abweichungen zur Buchung oder zum Buchungswunsch sein, sind diese unverz\u00fcglich, sp\u00e4testens innerhalb von 5 Tagen anzuzeigen.<\/p>\n\n\n\n<p><strong>Zahlung<\/strong><\/p>\n\n\n\n<p>Der Mietpreis ist grunds\u00e4tzlich sofort f\u00e4llig. In Ausnahmef\u00e4llen bieten wir eine zweigeteilte Zahlung an, Einzelheiten sind der Buchungsbest\u00e4tigung zu entnehmen. Mit der Buchungsbest\u00e4tigung erh\u00e4lt der Gast die Zahlungsaufforderung mit den Zahlungsdaten, eine Bezahlung ist per \u00dcberweisung oder per PayPal m\u00f6glich. Die Buchung wird erst mit der fristgerechten \u00dcberweisung des gesamten Mietpreises bzw. der Anzahlung g\u00fcltig. Ist f\u00fcr den Fall einer zweigeteilten Zahlung der Restbetrag vor Mietbeginn nicht auf dem Konto des Vermieters eingegangen, erfolgt keine Schl\u00fcssel\u00fcbergabe und dies gilt als Nichtanreise. Eine Bezahlung vor Ort ist grunds\u00e4tzlich nicht m\u00f6glich.<\/p>\n\n\n\n<p><strong>Stornierung<\/strong><\/p>\n\n\n\n<p>Der Gast kann vor Mietbeginn durch schriftliche Erkl\u00e4rung (auch per E-Mail) jederzeit vom Vertrag zur\u00fccktreten. Der R\u00fccktritt wird mit einer von uns versendeten Eingangs- und R\u00fccktrittsbest\u00e4tigung wirksam.<\/p>\n\n\n\n<p><strong>Es gelten folgende Stornierungsgeb\u00fchren:<\/strong><\/p>\n\n\n\n<ul class=\"wp-block-list\"><li>Bei einem R\u00fccktritt mindestens 14 Tage vor Mietbeginn werden 0 % des Wohnungsmietpreises berechnet (100 % Erstattung)<\/li><li>Bei einem R\u00fccktritt bis 7 Tage vor Mietbeginn werden 50 % des Wohnungsmietpreises berechnet (50 % Erstattung, eine etwaige Anzahlung wird ber\u00fccksichtigt).<\/li><li>Bei einem R\u00fccktritt weniger als 7 Tage vor Mietbeginn wird der volle Wohnungsmietpreises berechnet.<\/li><li>Bei versp\u00e4teter Anreise und \/ oder vorzeitiger Abreise ist der komplette vereinbare Aufenthaltspreis zu entrichtet.<\/li><\/ul>\n\n\n\n<p>Die oben genannten Geb\u00fchren sind unabh\u00e4ngig von einer Vermietung der Wohnung in den frei gewordenen Tagen unsererseits.<\/p>\n\n\n\n<p><strong>Nichtanreise<\/strong><\/p>\n\n\n\n<p>Die Buchung gilt als storniert, wenn der Gast 24 Stunden nach dem gebuchten Anreisetermin nicht erscheint. In diesem Fall ist der komplett vereinbarte Aufenthaltspreis zu entrichten. Der Vermieter oder dessen Vertreter kann dann \u00fcber das Objekt frei verf\u00fcgen.<\/p>\n\n\n\n<p><strong>K\u00fcndigung durch den Vermieter<\/strong><\/p>\n\n\n\n<p>Der Vermieter kann das Vertragsverh\u00e4ltnis vor oder nach Beginn der Mietzeit ohne Einhaltung einer Frist k\u00fcndigen, wenn der Mieter trotz vorheriger Mahnung die vereinbarten Zahlungen (Anzahlung, Restzahlung und ggf. Kaution) nicht fristgem\u00e4\u00df leistet oder sich ansonsten in einem solchen Ma\u00dfe vertragswidrig verh\u00e4lt, dass dem Vermieter eine Fortsetzung des Vertragsverh\u00e4ltnisses nicht zuzumuten ist. In diesem Falle kann der Vermieter von dem Mieter Ersatz der bis zur K\u00fcndigung entstandenen Aufwendungen und des entgangenen Gewinns verlangen.<\/p>\n\n\n\n<p><strong>Pflichten des Mieters<\/strong><\/p>\n\n\n\n<p>Der Mieter verpflichtet sich, das Mietobjekt mitsamt Inventar mit aller Sorgfalt zu behandeln. F\u00fcr die schuldhafte Besch\u00e4digung von Einrichtungsgegenst\u00e4nden, Mietr\u00e4umen oder des Geb\u00e4udes sowie der zu den Mietr\u00e4umen oder dem Geb\u00e4ude geh\u00f6renden Anlagen ist der Mieter ersatzpflichtig, wenn und insoweit sie von ihm oder seinen Begleitpersonen oder Besuchern schuldhaft verursacht worden ist.<\/p>\n\n\n\n<p>In den Mietr\u00e4umen entstehende Sch\u00e4den hat der Mieter, soweit er nicht selbst zur Beseitigung verpflichtet ist, unverz\u00fcglich dem Vermieter anzuzeigen. F\u00fcr die durch nicht rechtzeitige Anzeige verursachten Folgesch\u00e4den ist der Mieter ersatzpflichtig.<\/p>\n\n\n\n<p>In Sp\u00fclsteine, Ausgussbecken und Toilette d\u00fcrfen Abf\u00e4lle, Asche, sch\u00e4dliche Fl\u00fcssigkeiten und \u00e4hnliches nicht hineingeworfen oder -gegossen werden. Treten wegen Nichtbeachtung dieser Bestimmungen Verstopfungen in den Abwasserrohren auf, so tr\u00e4gt der Verursacher die Kosten der Instandsetzung.<\/p>\n\n\n\n<p>Bei eventuell auftretenden St\u00f6rungen an Anlagen und Einrichtungen des Mietobjektes ist der Mieter verpflichtet, selbst alles Zumutbare zu tun, um zu einer Behebung der St\u00f6rung beizutragen oder evtl. entstehenden Schaden gering zu halten.<\/p>\n\n\n\n<p>Wenn w\u00e4hrend des Mietverh\u00e4ltnisses Sch\u00e4den am Apartment und \/ oder dessen Inventar auftreten, ist der Mieter verpflichtet, dies unverz\u00fcglich den Kontaktpersonen anzuzeigen.<\/p>\n\n\n\n<p>Bereits bei der Ankunft festgestellte M\u00e4ngel und Sch\u00e4den m\u00fcssen sofort den Kontaktpersonen vor Ort gemeldet werden, ansonsten haftet der Mieter f\u00fcr diese Sch\u00e4den. Zur Beseitigung von Sch\u00e4den und M\u00e4ngeln ist eine angemessene Frist einzur\u00e4umen. Anspr\u00fcche aus Beanstandungen, die nicht unverz\u00fcglich vor Ort gemeldet werden, sind ausgeschlossen. Reklamationen, die erst am Ende des Aufenthaltes bzw. nach Verlassen des Ferienhauses bei dem Vermieter eingehen, sind ebenfalls vom Schadenersatz ausgeschlossen.<\/p>\n\n\n\n<p><strong>Nutzung eines Internetzugangs \u00fcber WLAN in dem Apartment C-VIEWS<\/strong><\/p>\n\n\n\n<p>Der Vermieter unterh\u00e4lt in seinem Ferienobjekt einen Internetzugang \u00fcber WLAN. Er gestattet dem Mieter f\u00fcr die Dauer seines Aufenthaltes im Ferienobjekt eine Mitbenutzung des WLAN-Zugangs zum Internet. Ausgenommen ist hiervon der Besuch von Internetseiten, f\u00fcr die separate Kosten anfallen. Der Besuch von Internetseiten mit illegalem Inhalt ist ebenfalls ausgeschlossen.<\/p>\n\n\n\n<p>Der Mieter hat nicht das Recht, Dritten die Nutzung des WLANs zu gestatten. Der Vermieter gew\u00e4hrleistet nicht die tats\u00e4chliche Verf\u00fcgbarkeit, Geeignetheit oder Zuverl\u00e4ssigkeit des Internetzuganges f\u00fcr irgendeinen Zweck. Er ist jederzeit berechtigt, f\u00fcr den Betrieb des WLANs ganz, teilweise oder zeitweise weitere Mitnutzer zuzulassen und den Zugang des Mieters ganz, teilweise oder zeitweise zu beschr\u00e4nken oder auszuschlie\u00dfen, wenn der Anschluss rechtsmissbr\u00e4uchlich genutzt wird oder wurde, soweit der Vermieter deswegen eine Inanspruchnahme f\u00fcrchten muss und dieses nicht mit \u00fcblichem und zumutbarem Aufwand in angemessener Zeit verhindern kann. Der Vermieter beh\u00e4lt sich insbesondere vor, nach billigem Ermessen und jederzeit den Zugang auf bestimmte Seiten oder Dienste \u00fcber das WLAN zu sperren (z.B. gewaltverherrlichende, pornographische oder kostenpflichtige Seiten).<\/p>\n\n\n\n<p>Mieter und Vermieter sind sich dar\u00fcber einig, dass etwaige Kosten, die durch eine vertragswidrige Nutzung bzw. eine Nutzung entgegen dem zuvor genannten Rahmen entstehen, vom Mieter zu tragen sind. Das Versenden von Nachrichten illegalen, gewaltverherrlichen oder pornografischen Inhalts \u00fcber den Anschluss des Vermieters ist verboten. Der Mieter haftet f\u00fcr einen evtl. Schaden.<\/p>\n\n\n\n<p>Die Nutzung erfolgt mittels Zugangsdaten. Die Zugangsdaten (Login und Passwort) d\u00fcrfen in keinem Fall an Dritte weitergegeben werden. Will der Mieter Dritten den Zugang zum Internet \u00fcber das WLAN gew\u00e4hren, so ist dies von der vorherigen schriftlichen Zustimmung des Vermieters und der mittels Unterschrift und vollst\u00e4ndiger Identit\u00e4tsangabe dokumentierter Akzeptanz der Regelungen dieser Nutzungsvereinbarung durch den Dritten zwingend abh\u00e4ngig. Der Mieter verpflichtet sich, seine Zugangsdaten geheim zu halten. Der Vermieter hat jederzeit das Recht, Zugangscodes zu \u00e4ndern.<\/p>\n\n\n\n<p><strong>Gefahren der WLAN-Nutzung, Haftungsbeschr\u00e4nkung<\/strong><\/p>\n\n\n\n<p>Der Mieter wird darauf hingewiesen, dass das WLAN nur den Zugang zum Internet erm\u00f6glicht, Virenschutz und Firewall stehen nicht zur Verf\u00fcgung. Der unter Nutzung des WLANs hergestellte Datenverkehr erfolgt unverschl\u00fcsselt. Die Daten k\u00f6nnen daher m\u00f6glicherweise von Dritten eingesehen werden. Der Vermieter weist ausdr\u00fccklich darauf hin, dass die Gefahr besteht, dass Schadsoftware (z.B. Viren, Trojaner, W\u00fcrmer, etc.) bei der Nutzung des WLANs auf das Endger\u00e4t gelangen kann. Die Nutzung des WLANs erfolgt auf eigene Gefahr und auf eigenes Risiko des Mieters. F\u00fcr Sch\u00e4den an digitalen Medien des Mieters, die durch die Nutzung des Internetzuganges entstehen, \u00fcbernimmt der Vermieter keine Haftung, es sei denn die Sch\u00e4den wurden vom Vermieter und\/oder seinen Erf\u00fcllungsgehilfen vors\u00e4tzlich oder grobfahrl\u00e4ssig verursacht.<\/p>\n\n\n\n<p><strong>Verantwortlichkeit und Freistellung von Anspr\u00fcchen<\/strong><\/p>\n\n\n\n<p>F\u00fcr die \u00fcber das WLAN \u00fcbermittelten Daten, die dar\u00fcber in Anspruch genommenen kostenpflichtigen Dienstleistungen und get\u00e4tigten Rechtsgesch\u00e4fte ist der Mieter selbst verantwortlich. Besucht der Mieter kostenpflichtige Internetseiten oder geht er Verbindlichkeiten ein, sind die daraus resultierenden Kosten von ihm zu tragen. Er ist verpflichtet, bei Nutzung des WLANs das geltende Recht einzuhalten. Er wird insbesondere: das WLAN weder zum Abruf noch zur Verbreitung von sitten- oder rechtswidrigen Inhalten zu nutzen; keine urheberrechtlich gesch\u00fctzten G\u00fcter widerrechtlich vervielf\u00e4ltigen, verbreiten oder zug\u00e4nglich machen; dies gilt insbesondere im Zusammenhang mit dem Einsatz von Filesharing-Programmen; die geltenden Jugendschutzvorschriften beachten; keine bel\u00e4stigenden, verleumderischen oder bedrohenden Inhalte versenden oder verbreiten; das WLAN nicht zur Versendung von Massen-Nachrichten (Spam) und\/oder anderen Formen unzul\u00e4ssiger Werbung nutzen. Der Mieter stellt den Vermieter des Ferienobjektes von s\u00e4mtlichen Sch\u00e4den und Anspr\u00fcchen Dritter frei, die auf einer rechtswidrigen Verwendung des WLANs durch den Mieter und\/oder auf einem Versto\u00df gegen die vorliegende Vereinbarung beruhen, dies erstreckt sich auch auf f\u00fcr mit der Inanspruchnahme bzw. deren Abwehr zusammenh\u00e4ngende Kosten und Aufwendungen. Erkennt der Mieter oder muss er erkennen, dass eine solche Rechtsverletzung und\/oder ein solcher Versto\u00df vorliegt oder droht, weist er den Vermieter des Ferienobjektes auf diesen Umstand hin.<\/p>\n\n\n\n<p><strong>Datenschutz<\/strong><\/p>\n\n\n\n<p>Der Mieter erkl\u00e4rt sich damit einverstanden, dass im Rahmen des mit ihm abgeschlossenen Vertrages notwendige Daten \u00fcber seine Person gespeichert, ge\u00e4ndert und \/ oder gel\u00f6scht werden.<\/p>\n\n\n\n<p>S\u00e4mtliche G\u00e4ste m\u00fcssen in Kroatien vom Vermieter an die Gemeinde mit Namen und Ausweisdaten zur Erhebung der Touristensteuer gemeldet werden. Die Touristensteuer \u00fcbernimmt der Vermieter, der Mieter wird den Kontaktpersonen vor Ort die Ausweise s\u00e4mtlicher Teilnehmer der Reisegemeinschaft vorlegen, damit dieser eine Kopie oder ein Foto ausschlie\u00dflich f\u00fcr den Zweck der Meldung anfertigen kann. Im Hausflur ist eine \u00dcberwachungskamera zur Sicherheit der G\u00e4ste und des Objektes installiert, s\u00e4mtliche Aufzeichnungen werden nach 30 Tagen automatisch gel\u00f6scht. Der Gast erkl\u00e4rt f\u00fcr sich und seine Reisegemeinschaft das Einverst\u00e4ndnis zur \u00dcberwachung des Treppenhauses.<\/p>\n\n\n\n<p>Alle pers\u00f6nlichen Daten werden absolut vertraulich behandelt.<\/p>\n\n\n\n<p><strong>Haftung<\/strong><\/p>\n\n\n\n<p>Die Beschreibung auf der Webseite wurde nach bestem Wissen erstellt. F\u00fcr eine Beeinflussung des Mietobjektes durch h\u00f6here Gewalt, durch landes\u00fcbliche Strom- und Wasserausf\u00e4lle und Unwetter wird nicht gehaftet. Ebenso wird nicht gehaftet bei Eintritt unvorhersehbarer oder unvermeidbarer Umst\u00e4nde wie z.B. beh\u00f6rdlicher Anordnung, pl\u00f6tzlicher Baustelle oder f\u00fcr St\u00f6rungen durch naturbedingte und \u00f6rtliche Begebenheiten. Der Vermieter ist aber gern bei der Behebung der Probleme (soweit dies m\u00f6glich ist) behilflich.<\/p>\n\n\n\n<p>Eine Haftung des Vermieters f\u00fcr die Benutzung der bereitgestellten Spiel- und Sportger\u00e4te ist ausgeschlossen.<\/p>\n\n\n\n<p>Die An- und Abreise des Mieters erfolgt in eigener Verantwortung und Haftung. Der Vermieter haftet nicht f\u00fcr pers\u00f6nliche Gegenst\u00e4nde bei Diebstahl oder Feuer. F\u00fcr mutwillige Zerst\u00f6rungen bzw. Sch\u00e4den haftet der Mieter in vollem Umfang.<\/p>\n\n\n\n<p>In dem Apartment werden G\u00e4ste mit gravierenden Allergien empfangen. Verst\u00f6\u00dft der Mieter gegen das Rauch- oder Haustierverbot, ist er dem Vermieter zum Ersatz aller Kosten zur Beseitigung der Spuren verpflichtet.<\/p>\n\n\n\n<p><strong>Schlussbestimmungen<\/strong><\/p>\n\n\n\n<p>Fotos und Text auf der Webseite bzw. im Flyer dienen der realistischen Beschreibung. Die 100-prozentige \u00dcbereinstimmung mit dem Mietobjekt kann nicht gew\u00e4hrleistet werden. Der Vermieter beh\u00e4lt sich \u00c4nderungen der Ausstattung (z. B. M\u00f6bel) vor, sofern sie gleichwertig sind.<\/p>\n\n\n\n<p>Sollten eine oder mehrere Bestimmungen dieser Gesch\u00e4ftsbedingungen unwirksam sein oder werden, ber\u00fchrt dies die Wirksamkeit der \u00fcbrigen Bedingungen nicht. Die unwirksame Regelung ist durch eine wirksame zu ersetzen, die dem wirtschaftlichen und rechtlichem Willen der Vertragsparteien am n\u00e4chsten kommt.<\/p>\n\n\n\n<p>Es gilt deutsches Recht. Gerichtsstand und Erf\u00fcllungsort ist der Wohnort des Vermieters.<\/p>\n","protected":false},"excerpt":{"rendered":"<p>Unterkunftsregeln \/ Preise Das Apartment C-VIEWS ist liebevoll eingerichtet und soll den G\u00e4sten eine Wohlf\u00fchlatmosph\u00e4re bieten. Damit dies auch m\u00f6glichst lange so bleibt, setzen wir einen respektvollen Umgang mit unserem Eigentum voraus. Au\u00dferdem gibt es einige Regeln: Das gesamte Apartment ist ein Nichtraucher-Apartment Die angegebene Personenkapazit\u00e4t (4) muss eingehalten werden Veranstaltungen \/ Partys sind nicht &hellip; <\/p>\n<p class=\"link-more\"><a href=\"https:\/\/c-views.eu\/?page_id=2260\" class=\"more-link\">Mehr <span class=\"screen-reader-text\">\u00fcber &#8222;AGB \/ Buchungsbedingungen&#8220; <\/span>Lesen<\/a><\/p>\n","protected":false},"author":1,"featured_media":0,"parent":0,"menu_order":0,"comment_status":"closed","ping_status":"closed","template":"","meta":{"inspiro_hide_title":false,"footnotes":""},"class_list":["post-2260","page","type-page","status-publish","hentry"],"featured_media_urls":[],"_links":{"self":[{"href":"https:\/\/c-views.eu\/index.php?rest_route=\/wp\/v2\/pages\/2260","targetHints":{"allow":["GET"]}}],"collection":[{"href":"https:\/\/c-views.eu\/index.php?rest_route=\/wp\/v2\/pages"}],"about":[{"href":"https:\/\/c-views.eu\/index.php?rest_route=\/wp\/v2\/types\/page"}],"author":[{"embeddable":true,"href":"https:\/\/c-views.eu\/index.php?rest_route=\/wp\/v2\/users\/1"}],"replies":[{"embeddable":true,"href":"https:\/\/c-views.eu\/index.php?rest_route=%2Fwp%2Fv2%2Fcomments&post=2260"}],"version-history":[{"count":0,"href":"https:\/\/c-views.eu\/index.php?rest_route=\/wp\/v2\/pages\/2260\/revisions"}],"wp:attachment":[{"href":"https:\/\/c-views.eu\/index.php?rest_route=%2Fwp%2Fv2%2Fmedia&parent=2260"}],"curies":[{"name":"wp","href":"https:\/\/api.w.org\/{rel}","templated":true}]}}